{"id":125,"date":"2017-07-22T17:55:14","date_gmt":"2017-07-22T17:55:14","guid":{"rendered":"https:\/\/wordpress.apm.pt\/?page_id=125"},"modified":"2017-07-22T17:56:40","modified_gmt":"2017-07-22T17:56:40","slug":"conselho-nacional","status":"publish","type":"page","link":"https:\/\/wordpress.apm.pt\/?page_id=125","title":{"rendered":"Conselho Nacional"},"content":{"rendered":"<p align=\"left\">A composi\u00e7\u00e3o e compet\u00eancias do Conselho Nacional est\u00e3o estipuladas nos artigos 31 a 36 dos <a href=\"https:\/\/wordpress.apm.pt\/wp-content\/uploads\/2017\/07\/10807_Estatutos_APM_2015_561f9180417f8.pdf\">estatutos da APM<\/a>.<\/p>\n<p>O Conselho Nacional re\u00fane ordinariamente\u00a0tr\u00eas vezes por ano.<\/p>\n<p>Caso pretenda contactar o Conselho Nacional, deve faz\u00ea-lo atrav\u00e9s do seu Secretariado.<\/p>\n<p>Na plataforma Moodle da APM existe um f\u00f3rum para as discuss\u00f5es internas do Conselho Nacional. Assim, os membros deste \u00f3rg\u00e3o passam a ter um espa\u00e7o de trabalho e discuss\u00e3o entre reuni\u00f5es, em <a href=\"http:\/\/moodle.apm.pt\/course\/view.php?id=17\">http:\/\/moodle.apm.pt\/course\/view.php?id=17<\/a>.<\/p>\n<p>&nbsp;<\/p>\n<p>&nbsp;<\/p>\n","protected":false},"excerpt":{"rendered":"<p>A composi\u00e7\u00e3o e compet\u00eancias do Conselho Nacional est\u00e3o estipuladas nos artigos 31 a 36 dos estatutos da APM. O Conselho Nacional re\u00fane ordinariamente\u00a0tr\u00eas vezes por ano. Caso pretenda contactar o Conselho Nacional, deve faz\u00ea-lo atrav\u00e9s do seu Secretariado. Na plataforma Moodle da APM existe um f\u00f3rum para as discuss\u00f5es internas do Conselho Nacional. Assim, os [&hellip;]<\/p>\n","protected":false},"author":1,"featured_media":0,"parent":0,"menu_order":0,"comment_status":"closed","ping_status":"closed","template":"fullwidth.php","meta":{"_monsterinsights_skip_tracking":false,"_monsterinsights_sitenote_active":false,"_monsterinsights_sitenote_note":"","_monsterinsights_sitenote_category":0,"jetpack_post_was_ever_published":false,"footnotes":""},"class_list":["post-125","page","type-page","status-publish","hentry"],"jetpack_sharing_enabled":true,"jetpack_shortlink":"https:\/\/wp.me\/P8Nl6b-21","jetpack-related-posts":[],"_links":{"self":[{"href":"https:\/\/wordpress.apm.pt\/index.php?rest_route=\/wp\/v2\/pages\/125","targetHints":{"allow":["GET"]}}],"collection":[{"href":"https:\/\/wordpress.apm.pt\/index.php?rest_route=\/wp\/v2\/pages"}],"about":[{"href":"https:\/\/wordpress.apm.pt\/index.php?rest_route=\/wp\/v2\/types\/page"}],"author":[{"embeddable":true,"href":"https:\/\/wordpress.apm.pt\/index.php?rest_route=\/wp\/v2\/users\/1"}],"replies":[{"embeddable":true,"href":"https:\/\/wordpress.apm.pt\/index.php?rest_route=%2Fwp%2Fv2%2Fcomments&post=125"}],"version-history":[{"count":3,"href":"https:\/\/wordpress.apm.pt\/index.php?rest_route=\/wp\/v2\/pages\/125\/revisions"}],"predecessor-version":[{"id":128,"href":"https:\/\/wordpress.apm.pt\/index.php?rest_route=\/wp\/v2\/pages\/125\/revisions\/128"}],"wp:attachment":[{"href":"https:\/\/wordpress.apm.pt\/index.php?rest_route=%2Fwp%2Fv2%2Fmedia&parent=125"}],"curies":[{"name":"wp","href":"https:\/\/api.w.org\/{rel}","templated":true}]}}