{"id":1268,"date":"2018-06-20T23:28:14","date_gmt":"2018-06-20T22:28:14","guid":{"rendered":"https:\/\/wordpress.apm.pt\/?page_id=1268"},"modified":"2018-07-26T13:19:55","modified_gmt":"2018-07-26T12:19:55","slug":"exames-nacionais-2018","status":"publish","type":"page","link":"https:\/\/wordpress.apm.pt\/?page_id=1268","title":{"rendered":"Exames Nacionais &#8211; 2018"},"content":{"rendered":"<p><strong>PROVAS DE AFERI\u00c7\u00c3O<\/strong><\/p>\n<p>&nbsp;<\/p>\n<p style=\"padding-left: 30px;\"><strong>1. Matem\u00e1tica e Estudo do Meio 2.\u00ba ano <\/strong><\/p>\n<p style=\"padding-left: 30px;\"><a href=\"http:\/\/iave.pt\/images\/arquivo_de_provas\/2018\/Prova_de_Afericao_26\/PA-Mat26-F1-2018_net.pdf\">Prova<\/a> (IAVE)<\/p>\n<p style=\"padding-left: 30px;\"><a href=\"http:\/\/iave.pt\/images\/arquivo_de_provas\/2018\/Prova_de_Afericao_26\/PA-Mat26-F1-2018-CC_net.pdf\">Crit\u00e9rios de Classifica\u00e7\u00e3o<\/a> (IAVE)<\/p>\n<p style=\"padding-left: 30px;\">Coment\u00e1rio APM<\/p>\n<p>&nbsp;<\/p>\n<p style=\"padding-left: 30px;\"><strong>2. Matem\u00e1tica 8.\u00ba ano <\/strong><\/p>\n<p style=\"padding-left: 30px;\"><a href=\"http:\/\/iave.pt\/images\/arquivo_de_provas\/2018\/Prova_de_aferi%C3%A7%C3%A3o_matem%C3%A1tica_86\/PA-Mat86-F1-2018_net.pdf\">Prova<\/a> (IAVE)<\/p>\n<p style=\"padding-left: 30px;\"><a href=\"http:\/\/iave.pt\/images\/arquivo_de_provas\/2018\/Prova_de_aferi%C3%A7%C3%A3o_matem%C3%A1tica_86\/PA-Mat86-F1-2018-CC_net.pdf\">Crit\u00e9rios de Classifica\u00e7\u00e3o<\/a> (IAVE)<\/p>\n<p style=\"padding-left: 30px;\">Coment\u00e1rio APM<\/p>\n<p>&nbsp;<\/p>\n<hr \/>\n<p><strong>EXAMES &#8211; ENSINO SECUND\u00c1RIO<\/strong><\/p>\n<p><span style=\"font-size: 14pt;\"><strong>1. Matem\u00e1tica A<\/strong><\/span><\/p>\n<p style=\"padding-left: 30px;\"><strong>1.\u00aa FASE<\/strong><\/p>\n<p style=\"padding-left: 30px;\">Prova (IAVE): <a href=\"http:\/\/iave.pt\/images\/arquivo_de_provas\/2018\/EFN_MatA_1F\/EX-MatA635-F1-2018-Cad1_net.pdf\">Caderno 1<\/a>; <a href=\"http:\/\/iave.pt\/images\/arquivo_de_provas\/2018\/EFN_MatA_1F\/EX-MatA635-F1-2018-Cad2_net.pdf\">Caderno 2<\/a><\/p>\n<p style=\"padding-left: 30px;\"><a href=\"http:\/\/iave.pt\/images\/arquivo_de_provas\/2018\/EFN_MatA_1F\/EX-MatA635-F1-2018-CC_net.pdf\">Crit\u00e9rios de classifica\u00e7\u00e3o<\/a> (IAVE)<\/p>\n<p style=\"padding-left: 30px;\"><a href=\"https:\/\/wordpress.apm.pt\/wp-content\/uploads\/2018\/06\/MatA_635_Fase1_2018.pdf\">Resolu\u00e7\u00e3o APM<\/a><\/p>\n<p style=\"padding-left: 30px;\"><a href=\"https:\/\/wordpress.apm.pt\/wp-content\/uploads\/2018\/06\/MatA_1fase.pdf\">Coment\u00e1rio APM<\/a><\/p>\n<p>&nbsp;<\/p>\n<p style=\"padding-left: 30px;\"><strong>2.\u00aa FASE<\/strong><\/p>\n<p style=\"padding-left: 30px;\">Prova (IAVE): <a href=\"http:\/\/www.iave.pt\/images\/arquivo_de_provas\/2018\/EFN_MatA_1F\/2F-635\/EX-MatA635-F2-2018-Cad1_net.pdf\">Caderno 1<\/a>; <a href=\"http:\/\/www.iave.pt\/images\/arquivo_de_provas\/2018\/EFN_MatA_1F\/2F-635\/EX-MatA635-F2-2018-Cad2_net.pdf\">Caderno 2<\/a><\/p>\n<p style=\"padding-left: 30px;\"><a href=\"http:\/\/www.iave.pt\/images\/arquivo_de_provas\/2018\/EFN_MatA_1F\/2F-635\/EX-MatA635-F2-2018-CC-VT_net.pdf\">Crit\u00e9rios de classifica\u00e7\u00e3o<\/a> (IAVE)<\/p>\n<p style=\"padding-left: 30px;\"><a href=\"https:\/\/wordpress.apm.pt\/wp-content\/uploads\/2018\/07\/MatA_635_Fase2_2018_v7.pdf\">Resolu\u00e7\u00e3o APM<\/a><\/p>\n<p style=\"padding-left: 30px;\"><a href=\"https:\/\/wordpress.apm.pt\/wp-content\/uploads\/2018\/07\/MatA_2fase.pdf\">Coment\u00e1rio APM<\/a><\/p>\n<p>&nbsp;<\/p>\n<p><span style=\"font-size: 14pt;\"><strong>2. Matem\u00e1tica Aplicada \u00e0s Ci\u00eancias Sociais (MACS)<\/strong><\/span><\/p>\n<p style=\"padding-left: 30px;\"><strong>1.\u00aa FASE<\/strong><\/p>\n<p style=\"padding-left: 30px;\"><a href=\"http:\/\/www.iave.pt\/images\/arquivo_de_provas\/2018\/EFN_MACS_1F\/EX-Macs835-F1-2018_net.pdf\">Prova<\/a> (IAVE)<\/p>\n<p style=\"padding-left: 30px;\"><a href=\"http:\/\/www.iave.pt\/images\/arquivo_de_provas\/2018\/EFN_MACS_1F\/EX-Macs835-F1-2018-CC-VD_net.pdf\">Crit\u00e9rios de Classifica\u00e7\u00e3o<\/a> (IAVE)<\/p>\n<p style=\"padding-left: 30px;\"><a href=\"https:\/\/wordpress.apm.pt\/wp-content\/uploads\/2018\/07\/MACS_1_fase_2018_Resolucao_APM.pdf\">Resolu\u00e7\u00e3o APM<\/a><\/p>\n<p style=\"padding-left: 30px;\"><a href=\"https:\/\/wordpress.apm.pt\/wp-content\/uploads\/2018\/06\/MACS_1fase_com.pdf\">Coment\u00e1rio APM<\/a><\/p>\n<p>&nbsp;<\/p>\n<p style=\"padding-left: 30px;\"><strong>2.\u00aa FASE<\/strong><\/p>\n<p style=\"padding-left: 30px;\"><a href=\"http:\/\/www.iave.pt\/images\/arquivo_de_provas\/2018\/EFN_MACS_1F\/2F-835\/EX-Macs835-F2-2018_net.pdf\">Prova<\/a> (IAVE)<\/p>\n<p style=\"padding-left: 30px;\"><a href=\"http:\/\/www.iave.pt\/images\/arquivo_de_provas\/2018\/EFN_MACS_1F\/2F-835\/EX-Macs835-F2-2018-CC-VT_net.pdf\">Crit\u00e9rios de Classifica\u00e7\u00e3o<\/a> (IAVE)<\/p>\n<p style=\"padding-left: 30px;\"><a href=\"https:\/\/wordpress.apm.pt\/wp-content\/uploads\/2018\/07\/MACS_2_fase_Resolucao_APM_20-julho_2018.pdf\">Resolu\u00e7\u00e3o APM<\/a><\/p>\n<p style=\"padding-left: 30px;\"><a href=\"https:\/\/wordpress.apm.pt\/wp-content\/uploads\/2018\/07\/MACS_2_fase_Comenta\u0301rio_APM_20-julho-2018.pdf\">Coment\u00e1rio APM<\/a><\/p>\n<p>&nbsp;<\/p>\n<p><strong><span style=\"font-size: 14pt;\">3. Matem\u00e1tica B<\/span><br \/>\n<\/strong><\/p>\n<p style=\"padding-left: 30px;\"><strong>1.\u00aa FASE<\/strong><\/p>\n<p style=\"padding-left: 30px;\"><a href=\"http:\/\/iave.pt\/images\/arquivo_de_provas\/2018\/EFN_MatB_1F\/EX-MatB735-F1-2018_net.pdf\">Prova<\/a> (IAVE)<\/p>\n<p style=\"padding-left: 30px;\"><a href=\"http:\/\/iave.pt\/images\/arquivo_de_provas\/2018\/EFN_MatB_1F\/EX-MatB735-F1-2018-CC-VT_net.pdf\">Crit\u00e9rios de Classifica\u00e7\u00e3o<\/a> (IAVE)<\/p>\n<p style=\"padding-left: 30px;\"><a href=\"https:\/\/wordpress.apm.pt\/wp-content\/uploads\/2018\/06\/MatB_1_fase2018_Resolucao_APM.pdf\">Resolu\u00e7\u00e3o APM<\/a><\/p>\n<p style=\"padding-left: 30px;\"><a href=\"https:\/\/wordpress.apm.pt\/wp-content\/uploads\/2018\/07\/MatB_1fase_coment.pdf\">Coment\u00e1rio APM<\/a><\/p>\n<p>&nbsp;<\/p>\n<p style=\"padding-left: 30px;\"><strong>2.\u00aa FASE<\/strong><\/p>\n<p style=\"padding-left: 30px;\"><a href=\"http:\/\/www.iave.pt\/images\/arquivo_de_provas\/2018\/EFN_MatB_1F\/2F-735\/EX-MatB735-F2-2018_net.pdf\">Prova<\/a> (IAVE)<\/p>\n<p style=\"padding-left: 30px;\"><a href=\"http:\/\/www.iave.pt\/images\/arquivo_de_provas\/2018\/EFN_MatB_1F\/2F-735\/EX-MatB735-F2-2018-CC-VT_net.pdf\">Crit\u00e9rios de Classifica\u00e7\u00e3o<\/a> (IAVE)<\/p>\n<p style=\"padding-left: 30px;\"><a href=\"https:\/\/wordpress.apm.pt\/wp-content\/uploads\/2018\/07\/MatB_2_fase_Resolucao_APM_20-junho-2018-vf.pdf\">Resolu\u00e7\u00e3o APM<\/a><\/p>\n<p style=\"padding-left: 30px;\"><a href=\"https:\/\/wordpress.apm.pt\/wp-content\/uploads\/2018\/07\/MatB_2fase_coment.pdf\">Coment\u00e1rio APM<\/a><\/p>\n<p>&nbsp;<\/p>\n<p><strong><strong>PROVAS FINAIS DE 3.\u00ba CEB \u2014 Matem\u00e1tica<br \/>\n<\/strong><\/strong><\/p>\n<p style=\"padding-left: 30px;\"><strong>1.\u00aa FASE<\/strong><\/p>\n<p style=\"padding-left: 30px;\">Prova (IAVE): <a href=\"http:\/\/www.iave.pt\/images\/arquivo_de_provas\/2018\/PFC_Mat_92_1F\/PF-Mat92-F1-2018-Cad1_net.pdf\">Caderno 1<\/a>; <a href=\"http:\/\/www.iave.pt\/images\/arquivo_de_provas\/2018\/PFC_Mat_92_1F\/PF-Mat92-F1-2018-Cad2_net.pdf\">Caderno 2<\/a><\/p>\n<p style=\"padding-left: 30px;\"><a href=\"http:\/\/www.iave.pt\/images\/arquivo_de_provas\/2018\/PFC_Mat_92_1F\/PF-Mat92-F1-2018-CC-VT_net.pdf\">Crit\u00e9rios de Classifica\u00e7\u00e3o<\/a> (IAVE)<\/p>\n<p style=\"padding-left: 30px;\"><a href=\"https:\/\/wordpress.apm.pt\/wp-content\/uploads\/2018\/07\/3\u00baciclo_2018_fase1-Resol-APM.pdf\">Resolu\u00e7\u00e3o APM<\/a><\/p>\n<p style=\"padding-left: 30px;\"><a href=\"https:\/\/wordpress.apm.pt\/wp-content\/uploads\/2018\/07\/Mat_3ceb-2018_1fase_com.pdf\">Coment\u00e1rio APM<\/a><\/p>\n<p>&nbsp;<\/p>\n<p style=\"padding-left: 30px;\"><strong>2.\u00aa FASE<\/strong><\/p>\n<p style=\"padding-left: 30px;\">Prova (IAVE): <a href=\"http:\/\/www.iave.pt\/images\/arquivo_de_provas\/2018\/PFC_Mat_92_1F\/2F-92\/PF-Mat92-F2-2018-Cad1_net.pdf\">Caderno 1<\/a>; <a href=\"http:\/\/www.iave.pt\/images\/arquivo_de_provas\/2018\/PFC_Mat_92_1F\/2F-92\/PF-Mat92-F2-2018-Cad2_net.pdf\">Caderno 2<\/a><\/p>\n<p style=\"padding-left: 30px;\"><a href=\"http:\/\/www.iave.pt\/images\/arquivo_de_provas\/2018\/PFC_Mat_92_1F\/2F-92\/PF-Mat92-F2-2018-CC-VT_net.pdf\">Crit\u00e9rios de Classifica\u00e7\u00e3o<\/a> (IAVE)<\/p>\n<p style=\"padding-left: 30px;\">Resolu\u00e7\u00e3o APM<\/p>\n<p style=\"padding-left: 30px;\">Coment\u00e1rio APM<\/p>\n","protected":false},"excerpt":{"rendered":"<p>PROVAS DE AFERI\u00c7\u00c3O &nbsp; 1. Matem\u00e1tica e Estudo do Meio 2.\u00ba ano Prova (IAVE) Crit\u00e9rios de Classifica\u00e7\u00e3o (IAVE) Coment\u00e1rio APM &nbsp; 2. Matem\u00e1tica 8.\u00ba ano Prova (IAVE) Crit\u00e9rios de Classifica\u00e7\u00e3o (IAVE) Coment\u00e1rio APM &nbsp; EXAMES &#8211; ENSINO SECUND\u00c1RIO 1. Matem\u00e1tica A 1.\u00aa FASE Prova (IAVE): Caderno 1; Caderno 2 Crit\u00e9rios de classifica\u00e7\u00e3o (IAVE) Resolu\u00e7\u00e3o APM [&hellip;]<\/p>\n","protected":false},"author":1,"featured_media":0,"parent":316,"menu_order":0,"comment_status":"closed","ping_status":"closed","template":"fullwidth.php","meta":{"_monsterinsights_skip_tracking":false,"_monsterinsights_sitenote_active":false,"_monsterinsights_sitenote_note":"","_monsterinsights_sitenote_category":0,"jetpack_post_was_ever_published":false,"footnotes":""},"class_list":["post-1268","page","type-page","status-publish","hentry"],"jetpack_sharing_enabled":true,"jetpack_shortlink":"https:\/\/wp.me\/P8Nl6b-ks","jetpack-related-posts":[],"_links":{"self":[{"href":"https:\/\/wordpress.apm.pt\/index.php?rest_route=\/wp\/v2\/pages\/1268","targetHints":{"allow":["GET"]}}],"collection":[{"href":"https:\/\/wordpress.apm.pt\/index.php?rest_route=\/wp\/v2\/pages"}],"about":[{"href":"https:\/\/wordpress.apm.pt\/index.php?rest_route=\/wp\/v2\/types\/page"}],"author":[{"embeddable":true,"href":"https:\/\/wordpress.apm.pt\/index.php?rest_route=\/wp\/v2\/users\/1"}],"replies":[{"embeddable":true,"href":"https:\/\/wordpress.apm.pt\/index.php?rest_route=%2Fwp%2Fv2%2Fcomments&post=1268"}],"version-history":[{"count":27,"href":"https:\/\/wordpress.apm.pt\/index.php?rest_route=\/wp\/v2\/pages\/1268\/revisions"}],"predecessor-version":[{"id":1380,"href":"https:\/\/wordpress.apm.pt\/index.php?rest_route=\/wp\/v2\/pages\/1268\/revisions\/1380"}],"up":[{"embeddable":true,"href":"https:\/\/wordpress.apm.pt\/index.php?rest_route=\/wp\/v2\/pages\/316"}],"wp:attachment":[{"href":"https:\/\/wordpress.apm.pt\/index.php?rest_route=%2Fwp%2Fv2%2Fmedia&parent=1268"}],"curies":[{"name":"wp","href":"https:\/\/api.w.org\/{rel}","templated":true}]}}