{"id":136,"date":"2017-07-22T18:09:02","date_gmt":"2017-07-22T18:09:02","guid":{"rendered":"https:\/\/wordpress.apm.pt\/?page_id=136"},"modified":"2018-01-17T13:46:17","modified_gmt":"2018-01-17T13:46:17","slug":"grupos-de-trabalho","status":"publish","type":"page","link":"https:\/\/wordpress.apm.pt\/?page_id=136","title":{"rendered":"Grupos de Trabalho"},"content":{"rendered":"<p>Os Grupos de Trabalho da APM s\u00e3o constitu\u00eddos por grupos de s\u00f3cios que t\u00eam como objetivos desenvolver projetos espec\u00edficos de uma determinada \u00e1rea ou ciclo de ensino. Cada grupo elege a sua coordena\u00e7\u00e3o e define o seu plano de atividades.<\/p>\n<p style=\"padding-left: 60px;\">Grupo de Trabalho do 1.\u00ba Ciclo [GT1]<br \/>\nGrupo de Trabalho do 2.\u00ba Ciclo [GT2]<br \/>\nGrupo de Trabalho do 3.\u00ba Ciclo [GT3]<br \/>\nGrupo de Trabalho do Secund\u00e1rio [GTS]<br \/>\nGrupo de Trabalho de Geometria [GTG]<br \/>\nGrupo de Trabalho de Hist\u00f3ria e Ensino da Matem\u00e1tica [GTHEM]<br \/>\nGrupo de Trabalho de Investiga\u00e7\u00e3o [GTI]<br \/>\nT3 Portugal<br \/>\nCasio +<br \/>\nGrupo de Trabalho sobre Hist\u00f3ria e Mem\u00f3rias do Ensino da Matem\u00e1tica [GTHMEM]<\/p>\n","protected":false},"excerpt":{"rendered":"<p>Os Grupos de Trabalho da APM s\u00e3o constitu\u00eddos por grupos de s\u00f3cios que t\u00eam como objetivos desenvolver projetos espec\u00edficos de uma determinada \u00e1rea ou ciclo de ensino. Cada grupo elege a sua coordena\u00e7\u00e3o e define o seu plano de atividades. Grupo de Trabalho do 1.\u00ba Ciclo [GT1] Grupo de Trabalho do 2.\u00ba Ciclo [GT2] Grupo [&hellip;]<\/p>\n","protected":false},"author":1,"featured_media":0,"parent":0,"menu_order":0,"comment_status":"closed","ping_status":"closed","template":"fullwidth.php","meta":{"_monsterinsights_skip_tracking":false,"_monsterinsights_sitenote_active":false,"_monsterinsights_sitenote_note":"","_monsterinsights_sitenote_category":0,"jetpack_post_was_ever_published":false,"footnotes":""},"class_list":["post-136","page","type-page","status-publish","hentry"],"jetpack_sharing_enabled":true,"jetpack_shortlink":"https:\/\/wp.me\/P8Nl6b-2c","jetpack-related-posts":[],"_links":{"self":[{"href":"https:\/\/wordpress.apm.pt\/index.php?rest_route=\/wp\/v2\/pages\/136","targetHints":{"allow":["GET"]}}],"collection":[{"href":"https:\/\/wordpress.apm.pt\/index.php?rest_route=\/wp\/v2\/pages"}],"about":[{"href":"https:\/\/wordpress.apm.pt\/index.php?rest_route=\/wp\/v2\/types\/page"}],"author":[{"embeddable":true,"href":"https:\/\/wordpress.apm.pt\/index.php?rest_route=\/wp\/v2\/users\/1"}],"replies":[{"embeddable":true,"href":"https:\/\/wordpress.apm.pt\/index.php?rest_route=%2Fwp%2Fv2%2Fcomments&post=136"}],"version-history":[{"count":5,"href":"https:\/\/wordpress.apm.pt\/index.php?rest_route=\/wp\/v2\/pages\/136\/revisions"}],"predecessor-version":[{"id":939,"href":"https:\/\/wordpress.apm.pt\/index.php?rest_route=\/wp\/v2\/pages\/136\/revisions\/939"}],"wp:attachment":[{"href":"https:\/\/wordpress.apm.pt\/index.php?rest_route=%2Fwp%2Fv2%2Fmedia&parent=136"}],"curies":[{"name":"wp","href":"https:\/\/api.w.org\/{rel}","templated":true}]}}