{"id":176,"date":"2017-07-22T19:28:56","date_gmt":"2017-07-22T19:28:56","guid":{"rendered":"https:\/\/wordpress.apm.pt\/?page_id=176"},"modified":"2018-01-17T14:16:48","modified_gmt":"2018-01-17T14:16:48","slug":"ligacoes-uteis","status":"publish","type":"page","link":"https:\/\/wordpress.apm.pt\/?page_id=176","title":{"rendered":"Liga\u00e7\u00f5es \u00dateis"},"content":{"rendered":"<p><strong>Institui\u00e7\u00f5es Governamentais<\/strong><\/p>\n<p style=\"padding-left: 30px;\"><img loading=\"lazy\" decoding=\"async\" src=\"https:\/\/wordpress.apm.pt\/wp-content\/uploads\/2017\/07\/tab.gif\" width=\"8\" height=\"8\" border=\"0\" \/>\u00a0<a href=\"http:\/\/www.dge.mec.pt\/\">Direc\u00e7\u00e3o Geral de Educa\u00e7\u00e3o<\/a><\/p>\n<p style=\"padding-left: 30px;\"><img loading=\"lazy\" decoding=\"async\" src=\"https:\/\/wordpress.apm.pt\/wp-content\/uploads\/2017\/07\/tab.gif\" width=\"8\" height=\"8\" border=\"0\" \/>\u00a0<a href=\"http:\/\/iave.pt\/np4\/home\">Instituto de Avalia\u00e7\u00e3o Educativa, IP<\/a><\/p>\n<p style=\"padding-left: 30px;\"><img loading=\"lazy\" decoding=\"async\" src=\"https:\/\/wordpress.apm.pt\/wp-content\/uploads\/2017\/07\/tab.gif\" width=\"8\" height=\"8\" border=\"0\" \/>\u00a0<a href=\"http:\/\/www.min-edu.pt\/\" target=\"_blank\" rel=\"noopener\">Minist\u00e9rio da Educa\u00e7\u00e3o<\/a><\/p>\n<p>&nbsp;<\/p>\n<p><strong>Outras Associa\u00e7\u00f5es de Professores de Matem\u00e1tica<\/strong><\/p>\n<p style=\"padding-left: 30px;\"><img loading=\"lazy\" decoding=\"async\" src=\"https:\/\/wordpress.apm.pt\/wp-content\/uploads\/2017\/07\/tab.gif\" width=\"8\" height=\"8\" border=\"0\" \/>\u00a0<a href=\"http:\/\/www.ams.org\/\" target=\"_blank\" rel=\"noopener\">American Mathematical Society<\/a><\/p>\n<p style=\"padding-left: 30px;\"><img loading=\"lazy\" decoding=\"async\" src=\"https:\/\/wordpress.apm.pt\/wp-content\/uploads\/2017\/07\/tab.gif\" width=\"8\" height=\"8\" border=\"0\" \/>\u00a0<a href=\"http:\/\/www.asocolme.org\/\" target=\"_blank\" rel=\"noopener\">Asociaci\u00f3n Colombiana de Matem\u00e1tica Educativa<\/a><\/p>\n<p style=\"padding-left: 30px;\"><img loading=\"lazy\" decoding=\"async\" src=\"https:\/\/wordpress.apm.pt\/wp-content\/uploads\/2017\/07\/tab.gif\" width=\"8\" height=\"8\" border=\"0\" \/>\u00a0<a href=\"http:\/\/www.cimm.ucr.ac.cr\/asomed\/\" target=\"_blank\" rel=\"noopener\">Asociaci\u00f3n de\u00a0Matem\u00e1tica Educativa de Costa Rica<\/a><\/p>\n<p style=\"padding-left: 30px;\"><img loading=\"lazy\" decoding=\"async\" src=\"https:\/\/wordpress.apm.pt\/wp-content\/uploads\/2017\/07\/tab.gif\" width=\"8\" height=\"8\" border=\"0\" \/>\u00a0<a href=\"http:\/\/www.amte.net\/\" target=\"_blank\" rel=\"noopener\">Association of Mathematics Teacher Educators<\/a><\/p>\n<p style=\"padding-left: 30px;\"><img loading=\"lazy\" decoding=\"async\" src=\"https:\/\/wordpress.apm.pt\/wp-content\/uploads\/2017\/07\/tab.gif\" width=\"8\" height=\"8\" border=\"0\" \/>\u00a0<a href=\"http:\/\/www.furb.br\/ciaem\" target=\"_blank\" rel=\"noopener\">Comite Interamericano de Educa\u00e7\u00e3o Matem\u00e1tica<\/a><\/p>\n<p style=\"padding-left: 30px;\"><img loading=\"lazy\" decoding=\"async\" src=\"https:\/\/wordpress.apm.pt\/wp-content\/uploads\/2017\/07\/tab.gif\" width=\"8\" height=\"8\" border=\"0\" \/>\u00a0<a href=\"http:\/\/www.fespm.org\/\" target=\"_blank\" rel=\"noopener\">Federaci\u00f3n Espa\u00f1ola de Sociedades de Profesores de Matem\u00e1ticas<\/a><\/p>\n<p style=\"padding-left: 30px;\"><img loading=\"lazy\" decoding=\"async\" src=\"https:\/\/wordpress.apm.pt\/wp-content\/uploads\/2017\/07\/tab.gif\" width=\"8\" height=\"8\" border=\"0\" \/>\u00a0<a href=\"http:\/\/www.fisem.org\/\" target=\"_blank\" rel=\"noopener\">Federaci\u00f3n Iberoamericana de Sociedades de Educaci\u00f3n Matem\u00e1tica<\/a><\/p>\n<p style=\"padding-left: 30px;\"><img loading=\"lazy\" decoding=\"async\" src=\"https:\/\/wordpress.apm.pt\/wp-content\/uploads\/2017\/07\/tab.gif\" width=\"8\" height=\"8\" border=\"0\" \/>\u00a0<a href=\"http:\/\/www.mathunion.org\/\" target=\"_blank\" rel=\"noopener\">Internacional Mathematical Union<\/a><\/p>\n<p style=\"padding-left: 30px;\"><img loading=\"lazy\" decoding=\"async\" src=\"https:\/\/wordpress.apm.pt\/wp-content\/uploads\/2017\/07\/tab.gif\" width=\"8\" height=\"8\" border=\"0\" \/>\u00a0<a href=\"http:\/\/www.maa.org\/\" target=\"_blank\" rel=\"noopener\">Mathematical Association of America<\/a><\/p>\n<p style=\"padding-left: 30px;\"><img loading=\"lazy\" decoding=\"async\" src=\"https:\/\/wordpress.apm.pt\/wp-content\/uploads\/2017\/07\/tab.gif\" width=\"8\" height=\"8\" border=\"0\" \/><a href=\"http:\/\/www.nctm.org\/\" target=\"_blank\" rel=\"noopener\">\u00a0National Council of Teachers of Mathematics<\/a><\/p>\n<p style=\"padding-left: 30px;\"><img loading=\"lazy\" decoding=\"async\" src=\"https:\/\/wordpress.apm.pt\/wp-content\/uploads\/2017\/07\/tab.gif\" width=\"8\" height=\"8\" border=\"0\" \/>\u00a0<a href=\"http:\/\/www.ssma.org\/\" target=\"_blank\" rel=\"noopener\">School Science and Matematics Association<\/a><\/p>\n<p style=\"padding-left: 30px;\"><img loading=\"lazy\" decoding=\"async\" src=\"https:\/\/wordpress.apm.pt\/wp-content\/uploads\/2017\/07\/tab.gif\" width=\"8\" height=\"8\" border=\"0\" \/>\u00a0<a href=\"http:\/\/www.soarem.org.ar\/\" target=\"_blank\" rel=\"noopener\">Sociedad Argentina de Educaci\u00f3n Matem\u00e1tica<\/a><\/p>\n<p style=\"padding-left: 30px;\"><img loading=\"lazy\" decoding=\"async\" src=\"https:\/\/wordpress.apm.pt\/wp-content\/uploads\/2017\/07\/tab.gif\" width=\"8\" height=\"8\" border=\"0\" \/>\u00a0<a href=\"http:\/\/www.sbem.com.br\/\" target=\"_blank\" rel=\"noopener\">Sociedade Brasileira de Educa\u00e7\u00e3o Matem\u00e1tica<\/a><\/p>\n<p style=\"padding-left: 30px;\"><img loading=\"lazy\" decoding=\"async\" src=\"https:\/\/wordpress.apm.pt\/wp-content\/uploads\/2017\/07\/tab.gif\" width=\"8\" height=\"8\" border=\"0\" \/>\u00a0<a href=\"http:\/\/www.sochiem.cl\/\" target=\"_blank\" rel=\"noopener\">Sociedad Chilena de Educaci\u00f3n Matem\u00e1tica<\/a><\/p>\n<p style=\"padding-left: 30px;\"><img loading=\"lazy\" decoding=\"async\" src=\"https:\/\/wordpress.apm.pt\/wp-content\/uploads\/2017\/07\/tab.gif\" width=\"8\" height=\"8\" border=\"0\" \/>\u00a0<a href=\"http:\/\/www.mfc.uclv.edu.cu\/scmc\/\" target=\"_blank\" rel=\"noopener\">Sociedad Cubana de Matem\u00e1tica y Computaci\u00f3n <\/a><\/p>\n<p style=\"padding-left: 30px;\"><img loading=\"lazy\" decoding=\"async\" src=\"https:\/\/wordpress.apm.pt\/wp-content\/uploads\/2017\/07\/tab.gif\" width=\"8\" height=\"8\" border=\"0\" \/>\u00a0<a href=\"http:\/\/www.semur.edu.uy\/\" target=\"_blank\" rel=\"noopener\">Sociedad de Educaci\u00f3n Matem\u00e1tica Uruguaya<\/a><\/p>\n<p style=\"padding-left: 30px;\"><img loading=\"lazy\" decoding=\"async\" src=\"https:\/\/wordpress.apm.pt\/wp-content\/uploads\/2017\/07\/tab.gif\" width=\"8\" height=\"8\" border=\"0\" \/>\u00a0<a href=\"http:\/\/smm.org.mx\/SMMP\/html\/index.php\" target=\"_blank\" rel=\"noopener\">Sociedad Matem\u00e1tica\u00a0Mexicana <\/a><\/p>\n<p style=\"padding-left: 30px;\"><img loading=\"lazy\" decoding=\"async\" src=\"https:\/\/wordpress.apm.pt\/wp-content\/uploads\/2017\/07\/tab.gif\" width=\"8\" height=\"8\" border=\"0\" \/>\u00a0<a href=\"http:\/\/ap.concytec.gob.pe\/sopemat\/\" target=\"_blank\" rel=\"noopener\">Sociedad Peruana de Educaci\u00f3n Matem\u00e1tica<\/a><\/p>\n<p style=\"padding-left: 30px;\"><img loading=\"lazy\" decoding=\"async\" src=\"https:\/\/wordpress.apm.pt\/wp-content\/uploads\/2017\/07\/tab.gif\" width=\"8\" height=\"8\" border=\"0\" \/>\u00a0<a href=\"http:\/\/www.spm.pt\/\" target=\"_blank\" rel=\"noopener\">Sociedade Portuguesa de Matem\u00e1tica<\/a><\/p>\n<p style=\"padding-left: 30px;\"><img loading=\"lazy\" decoding=\"async\" src=\"https:\/\/wordpress.apm.pt\/wp-content\/uploads\/2017\/07\/tab.gif\" width=\"8\" height=\"8\" border=\"0\" \/>\u00a0<a href=\"http:\/\/www.m-a.org.uk\/\" target=\"_blank\" rel=\"noopener\">The Mathematical Association<\/a><\/p>\n<p style=\"padding-left: 30px;\"><img loading=\"lazy\" decoding=\"async\" src=\"https:\/\/wordpress.apm.pt\/wp-content\/uploads\/2017\/07\/tab.gif\" width=\"8\" height=\"8\" border=\"0\" \/>\u00a0<a href=\"http:\/\/www.todos-math.org\/\" target=\"_blank\" rel=\"noopener\">TODOS: Mathematics for All<\/a><\/p>\n<p>&nbsp;<\/p>\n<p><strong>Outras Associa\u00e7\u00f5es de Professores (nacionais)<\/strong><\/p>\n<p style=\"padding-left: 30px;\"><img loading=\"lazy\" decoding=\"async\" src=\"https:\/\/wordpress.apm.pt\/wp-content\/uploads\/2017\/07\/tab.gif\" width=\"8\" height=\"8\" border=\"0\" \/>\u00a0<a href=\"http:\/\/siap.no.sapo.pt\/\" target=\"_blank\" rel=\"noopener\">Secretariado Inter-Associa\u00e7\u00f5es<\/a><\/p>\n<p style=\"padding-left: 30px;\"><img loading=\"lazy\" decoding=\"async\" src=\"https:\/\/wordpress.apm.pt\/wp-content\/uploads\/2017\/07\/tab.gif\" width=\"8\" height=\"8\" border=\"0\" \/>\u00a0<a href=\"http:\/\/www.apevt.pt\/\" target=\"_blank\" rel=\"noopener\">Associa\u00e7\u00e3o\u00a0Nacional de Professores de Educa\u00e7\u00e3o Visual e Tecnol\u00f3gica<\/a><\/p>\n<p style=\"padding-left: 30px;\"><img loading=\"lazy\" decoding=\"async\" src=\"https:\/\/wordpress.apm.pt\/wp-content\/uploads\/2017\/07\/tab.gif\" width=\"8\" height=\"8\" border=\"0\" \/>\u00a0<a href=\"http:\/\/www.porto.ucp.pt\/anpri\/\" target=\"_blank\" rel=\"noopener\">Associa\u00e7\u00e3o Nacional de Professores de Inform\u00e1tica<\/a><\/p>\n<p style=\"padding-left: 30px;\"><img loading=\"lazy\" decoding=\"async\" src=\"https:\/\/wordpress.apm.pt\/wp-content\/uploads\/2017\/07\/tab.gif\" width=\"8\" height=\"8\" border=\"0\" \/>\u00a0<a href=\"http:\/\/www.appbg.rcts.pt\/\" target=\"_blank\" rel=\"noopener\">Associa\u00e7\u00e3o Portuguesa\u00a0de Professores de Biologia e Geologia<\/a><\/p>\n<p style=\"padding-left: 30px;\"><img loading=\"lazy\" decoding=\"async\" src=\"https:\/\/wordpress.apm.pt\/wp-content\/uploads\/2017\/07\/tab.gif\" width=\"8\" height=\"8\" border=\"0\" \/>\u00a0<a href=\"http:\/\/www.appf.pt\/\" target=\"_blank\" rel=\"noopener\">Associa\u00e7\u00e3o Portuguesa de Professores de Franc\u00eas<\/a><\/p>\n<p style=\"padding-left: 30px;\"><img loading=\"lazy\" decoding=\"async\" src=\"https:\/\/wordpress.apm.pt\/wp-content\/uploads\/2017\/07\/tab.gif\" width=\"8\" height=\"8\" border=\"0\" \/>\u00a0<a href=\"http:\/\/www.appi.pt\/\" target=\"_blank\" rel=\"noopener\">Associa\u00e7\u00e3o Portuguesa\u00a0de Professores de Ingl\u00eas<\/a><\/p>\n<p style=\"padding-left: 30px;\"><img loading=\"lazy\" decoding=\"async\" src=\"https:\/\/wordpress.apm.pt\/wp-content\/uploads\/2017\/07\/tab.gif\" width=\"8\" height=\"8\" border=\"0\" \/>\u00a0<a href=\"http:\/\/www.prof2000.pt\/users\/aproces\/\" target=\"_blank\" rel=\"noopener\">Associa\u00e7\u00e3o\u00a0de Professores de\u00a0Ci\u00eancias\u00a0Econ\u00f3mico-Sociais<\/a><\/p>\n<p style=\"padding-left: 30px;\"><img loading=\"lazy\" decoding=\"async\" src=\"https:\/\/wordpress.apm.pt\/wp-content\/uploads\/2017\/07\/tab.gif\" width=\"8\" height=\"8\" border=\"0\" \/>\u00a0<a href=\"http:\/\/www.apfilosofia.org\/\" target=\"_blank\" rel=\"noopener\">Associa\u00e7\u00e3o\u00a0de Professores de\u00a0Filosofia<\/a><\/p>\n<p style=\"padding-left: 30px;\"><img loading=\"lazy\" decoding=\"async\" src=\"https:\/\/wordpress.apm.pt\/wp-content\/uploads\/2017\/07\/tab.gif\" width=\"8\" height=\"8\" border=\"0\" \/>\u00a0<a href=\"http:\/\/www.aprofgeo.pt\/\" target=\"_blank\" rel=\"noopener\">Associa\u00e7\u00e3o de Professores de Geografia<\/a><\/p>\n<p style=\"padding-left: 30px;\"><img loading=\"lazy\" decoding=\"async\" src=\"https:\/\/wordpress.apm.pt\/wp-content\/uploads\/2017\/07\/tab.gif\" width=\"8\" height=\"8\" border=\"0\" \/>\u00a0<a href=\"http:\/\/www.aph.pt\/\" target=\"_blank\" rel=\"noopener\">Associa\u00e7\u00e3o\u00a0de Professores de\u00a0Hist\u00f3ria<\/a><\/p>\n<p style=\"padding-left: 30px;\"><img loading=\"lazy\" decoding=\"async\" src=\"https:\/\/wordpress.apm.pt\/wp-content\/uploads\/2017\/07\/tab.gif\" width=\"8\" height=\"8\" border=\"0\" \/>\u00a0<a href=\"http:\/\/iaprofessores.planetaclix.pt\/home.html\" target=\"_blank\" rel=\"noopener\">Associa\u00e7\u00e3o\u00a0de Professores Interculturalidade<\/a><\/p>\n<p style=\"padding-left: 30px;\"><img loading=\"lazy\" decoding=\"async\" src=\"https:\/\/wordpress.apm.pt\/wp-content\/uploads\/2017\/07\/tab.gif\" width=\"8\" height=\"8\" border=\"0\" \/>\u00a0<a href=\"http:\/\/www.app.pt\/\" target=\"_blank\" rel=\"noopener\">Associa\u00e7\u00e3o\u00a0de Professores de\u00a0Portugu\u00eas<\/a><\/p>\n<p>&nbsp;<\/p>\n<p><strong>Outras entidades <\/strong><\/p>\n<p style=\"padding-left: 30px;\"><img loading=\"lazy\" decoding=\"async\" src=\"https:\/\/wordpress.apm.pt\/wp-content\/uploads\/2017\/07\/tab.gif\" width=\"8\" height=\"8\" border=\"0\" \/>\u00a0<a href=\"http:\/\/www.alea.pt\/\" target=\"_blank\" rel=\"noopener\">ALEA<\/a><\/p>\n<p style=\"padding-left: 30px;\"><img loading=\"lazy\" decoding=\"async\" src=\"https:\/\/wordpress.apm.pt\/wp-content\/uploads\/2017\/07\/tab.gif\" width=\"8\" height=\"8\" border=\"0\" \/>\u00a0<a href=\"http:\/\/cie.fc.ul.pt\/\" target=\"_blank\" rel=\"noopener\">CIE-FCUL Centro de Investiga\u00e7\u00e3o em Educa\u00e7\u00e3o da Faculdade de Ci\u00eancias da Universidade de Lisboa<\/a><\/p>\n<p style=\"padding-left: 30px;\"><img loading=\"lazy\" decoding=\"async\" src=\"https:\/\/wordpress.apm.pt\/wp-content\/uploads\/2017\/07\/tab.gif\" width=\"8\" height=\"8\" border=\"0\" \/>\u00a0<a href=\"http:\/\/www.cultura.ufpa.br\/matematica\/?pagina=jbn\" target=\"_blank\" rel=\"noopener\">Departamento de Matem\u00e1tica da Universidade Federal do Par\u00e1<\/a><\/p>\n<p>&nbsp;<\/p>\n<p><strong>Revistas on-line<\/strong><\/p>\n<p style=\"padding-left: 30px;\"><strong><img loading=\"lazy\" decoding=\"async\" src=\"https:\/\/wordpress.apm.pt\/wp-content\/uploads\/2017\/07\/tab.gif\" width=\"8\" height=\"8\" border=\"0\" \/><\/strong>\u00a0<a href=\"http:\/\/www.fisem.org\/paginas\/union\/revista.php\" target=\"_blank\" rel=\"noopener\">Uni\u00f3n<\/a><\/p>\n<p style=\"padding-left: 30px;\"><strong><img loading=\"lazy\" decoding=\"async\" src=\"https:\/\/wordpress.apm.pt\/wp-content\/uploads\/2017\/07\/tab.gif\" width=\"8\" height=\"8\" border=\"0\" \/><\/strong>\u00a0<a href=\"http:\/\/www.pna.es\/\" target=\"_blank\" rel=\"noopener\">PNA<\/a><\/p>\n<p>&nbsp;<\/p>\n","protected":false},"excerpt":{"rendered":"<p>Institui\u00e7\u00f5es Governamentais \u00a0Direc\u00e7\u00e3o Geral de Educa\u00e7\u00e3o \u00a0Instituto de Avalia\u00e7\u00e3o Educativa, IP \u00a0Minist\u00e9rio da Educa\u00e7\u00e3o &nbsp; Outras Associa\u00e7\u00f5es de Professores de Matem\u00e1tica \u00a0American Mathematical Society \u00a0Asociaci\u00f3n Colombiana de Matem\u00e1tica Educativa \u00a0Asociaci\u00f3n de\u00a0Matem\u00e1tica Educativa de Costa Rica \u00a0Association of Mathematics Teacher Educators \u00a0Comite Interamericano de Educa\u00e7\u00e3o Matem\u00e1tica \u00a0Federaci\u00f3n Espa\u00f1ola de Sociedades de Profesores de Matem\u00e1ticas \u00a0Federaci\u00f3n Iberoamericana [&hellip;]<\/p>\n","protected":false},"author":1,"featured_media":0,"parent":0,"menu_order":0,"comment_status":"closed","ping_status":"closed","template":"fullwidth.php","meta":{"_monsterinsights_skip_tracking":false,"_monsterinsights_sitenote_active":false,"_monsterinsights_sitenote_note":"","_monsterinsights_sitenote_category":0,"jetpack_post_was_ever_published":false,"footnotes":""},"class_list":["post-176","page","type-page","status-publish","hentry"],"jetpack_sharing_enabled":true,"jetpack_shortlink":"https:\/\/wp.me\/P8Nl6b-2Q","jetpack-related-posts":[],"_links":{"self":[{"href":"https:\/\/wordpress.apm.pt\/index.php?rest_route=\/wp\/v2\/pages\/176","targetHints":{"allow":["GET"]}}],"collection":[{"href":"https:\/\/wordpress.apm.pt\/index.php?rest_route=\/wp\/v2\/pages"}],"about":[{"href":"https:\/\/wordpress.apm.pt\/index.php?rest_route=\/wp\/v2\/types\/page"}],"author":[{"embeddable":true,"href":"https:\/\/wordpress.apm.pt\/index.php?rest_route=\/wp\/v2\/users\/1"}],"replies":[{"embeddable":true,"href":"https:\/\/wordpress.apm.pt\/index.php?rest_route=%2Fwp%2Fv2%2Fcomments&post=176"}],"version-history":[{"count":6,"href":"https:\/\/wordpress.apm.pt\/index.php?rest_route=\/wp\/v2\/pages\/176\/revisions"}],"predecessor-version":[{"id":950,"href":"https:\/\/wordpress.apm.pt\/index.php?rest_route=\/wp\/v2\/pages\/176\/revisions\/950"}],"wp:attachment":[{"href":"https:\/\/wordpress.apm.pt\/index.php?rest_route=%2Fwp%2Fv2%2Fmedia&parent=176"}],"curies":[{"name":"wp","href":"https:\/\/api.w.org\/{rel}","templated":true}]}}