{"id":183,"date":"2017-07-22T19:35:39","date_gmt":"2017-07-22T19:35:39","guid":{"rendered":"https:\/\/wordpress.apm.pt\/?page_id=183"},"modified":"2017-07-22T19:35:39","modified_gmt":"2017-07-22T19:35:39","slug":"ofertas-de-trabalho","status":"publish","type":"page","link":"https:\/\/wordpress.apm.pt\/?page_id=183","title":{"rendered":"Ofertas de trabalho"},"content":{"rendered":"<p>Nesta p\u00e1gina ser\u00e3o divulgadas propostas de trabalho para professores de Matem\u00e1tica, por solicita\u00e7\u00e3o de entidades que nos escrevem nesse sentido. A APM limita-se a divulgar estas propostas, n\u00e3o tendo qualquer outra responsabilidade no processo.<\/p>\n<p>A ordem por que surgem na p\u00e1gina \u00e9 a ordem de chegada da informa\u00e7\u00e3o.<\/p>\n","protected":false},"excerpt":{"rendered":"<p>Nesta p\u00e1gina ser\u00e3o divulgadas propostas de trabalho para professores de Matem\u00e1tica, por solicita\u00e7\u00e3o de entidades que nos escrevem nesse sentido. A APM limita-se a divulgar estas propostas, n\u00e3o tendo qualquer outra responsabilidade no processo. A ordem por que surgem na p\u00e1gina \u00e9 a ordem de chegada da informa\u00e7\u00e3o.<\/p>\n","protected":false},"author":1,"featured_media":0,"parent":0,"menu_order":0,"comment_status":"closed","ping_status":"closed","template":"fullwidth.php","meta":{"_monsterinsights_skip_tracking":false,"_monsterinsights_sitenote_active":false,"_monsterinsights_sitenote_note":"","_monsterinsights_sitenote_category":0,"jetpack_post_was_ever_published":false,"footnotes":""},"class_list":["post-183","page","type-page","status-publish","hentry"],"jetpack_sharing_enabled":true,"jetpack_shortlink":"https:\/\/wp.me\/P8Nl6b-2X","jetpack-related-posts":[],"_links":{"self":[{"href":"https:\/\/wordpress.apm.pt\/index.php?rest_route=\/wp\/v2\/pages\/183","targetHints":{"allow":["GET"]}}],"collection":[{"href":"https:\/\/wordpress.apm.pt\/index.php?rest_route=\/wp\/v2\/pages"}],"about":[{"href":"https:\/\/wordpress.apm.pt\/index.php?rest_route=\/wp\/v2\/types\/page"}],"author":[{"embeddable":true,"href":"https:\/\/wordpress.apm.pt\/index.php?rest_route=\/wp\/v2\/users\/1"}],"replies":[{"embeddable":true,"href":"https:\/\/wordpress.apm.pt\/index.php?rest_route=%2Fwp%2Fv2%2Fcomments&post=183"}],"version-history":[{"count":2,"href":"https:\/\/wordpress.apm.pt\/index.php?rest_route=\/wp\/v2\/pages\/183\/revisions"}],"predecessor-version":[{"id":951,"href":"https:\/\/wordpress.apm.pt\/index.php?rest_route=\/wp\/v2\/pages\/183\/revisions\/951"}],"wp:attachment":[{"href":"https:\/\/wordpress.apm.pt\/index.php?rest_route=%2Fwp%2Fv2%2Fmedia&parent=183"}],"curies":[{"name":"wp","href":"https:\/\/api.w.org\/{rel}","templated":true}]}}