{"id":237,"date":"2017-07-22T20:59:05","date_gmt":"2017-07-22T20:59:05","guid":{"rendered":"https:\/\/wordpress.apm.pt\/?page_id=237"},"modified":"2018-01-17T14:25:07","modified_gmt":"2018-01-17T14:25:07","slug":"centro-de-recursos","status":"publish","type":"page","link":"https:\/\/wordpress.apm.pt\/?page_id=237","title":{"rendered":"Centro de Recursos"},"content":{"rendered":"<p>O Centro de Recursos empresta:<\/p>\n<p>&#8211; Ba\u00fas Tem\u00e1ticos,<\/p>\n<p>&#8211; Caixas de Materiais,<\/p>\n<p>&#8211; Kits do Campeonato de Jogos Matem\u00e1ticos<\/p>\n<p>&#8211; Caixa de Jogos de Estrat\u00e9gia<\/p>\n<p>&#8211; Ba\u00fas de Calculadoras<\/p>\n<p>\u2013 <a href=\"http:\/\/www.apm.pt\/portal\/index.php?id=10816\">Exposi\u00e7\u00f5es<\/a> da APM, procurando corresponder \u00e0s solicita\u00e7\u00f5es dos s\u00f3cios e das escolas, que os podem requisitar.<\/p>\n<p>&nbsp;<\/p>\n<p><a href=\"http:\/\/www.apm.pt\/files\/_Regulamento_Centro_Recursos_53ec96130fca2.doc\" target=\"_blank\" rel=\"noopener\">Regulamento do Centro de Recursos<\/a><\/p>\n<p>&nbsp;<\/p>\n<p><strong>Contactos:<\/strong><\/p>\n<p>e-mail: <a href=\"mailto:crecursos@apm.pt\">crecursos@apm.pt<\/a> (Ana Pereira)<\/p>\n<p>Tel.: +351 21 716 36 90<\/p>\n<p>&nbsp;<\/p>\n<p>Se pretende consultar ou requisitar\u00a0um livro, revista, artigo, jogo, etc; contacte-nos.<\/p>\n<p>&nbsp;<\/p>\n<p>Se \u00e9 nosso associado e n\u00e3o reside em Lisboa, n\u00e3o deixe de nos contactar.<\/p>\n<p>Tem alguma sugest\u00e3o\/atividade para partilhar connosco?<\/p>\n<p>Fa\u00e7a-o para <a href=\"mailto:crecursos@apm.pt\">crecursos@apm.pt<\/a><\/p>\n<p>&nbsp;<\/p>\n<p>&nbsp;<\/p>\n<p><em><strong>SALA DO CENTRO DE RECURSOS<\/strong><\/em><\/p>\n<p><img loading=\"lazy\" decoding=\"async\" data-attachment-id=\"238\" data-permalink=\"https:\/\/wordpress.apm.pt\/?attachment_id=238\" data-orig-file=\"https:\/\/wordpress.apm.pt\/wp-content\/uploads\/2017\/07\/Centro_de_Recursos.jpg\" data-orig-size=\"816,616\" data-comments-opened=\"1\" data-image-meta=\"{&quot;aperture&quot;:&quot;2.76&quot;,&quot;credit&quot;:&quot;&quot;,&quot;camera&quot;:&quot;KODAK EASYSHARE CX4230 ZOOM DIGITAL CAMERA&quot;,&quot;caption&quot;:&quot;&quot;,&quot;created_timestamp&quot;:&quot;1124968439&quot;,&quot;copyright&quot;:&quot;&quot;,&quot;focal_length&quot;:&quot;5.54&quot;,&quot;iso&quot;:&quot;140&quot;,&quot;shutter_speed&quot;:&quot;0.033333&quot;,&quot;title&quot;:&quot;&quot;,&quot;orientation&quot;:&quot;1&quot;}\" data-image-title=\"Centro_de_Recursos\" data-image-description=\"\" data-image-caption=\"\" data-large-file=\"https:\/\/wordpress.apm.pt\/wp-content\/uploads\/2017\/07\/Centro_de_Recursos.jpg\" class=\"alignnone size-medium wp-image-238\" src=\"https:\/\/wordpress.apm.pt\/wp-content\/uploads\/2017\/07\/Centro_de_Recursos-300x226.jpg\" alt=\"\" width=\"300\" height=\"226\" srcset=\"https:\/\/wordpress.apm.pt\/wp-content\/uploads\/2017\/07\/Centro_de_Recursos.jpg 300w, https:\/\/wordpress.apm.pt\/wp-content\/uploads\/2017\/07\/Centro_de_Recursos.jpg 768w, https:\/\/wordpress.apm.pt\/wp-content\/uploads\/2017\/07\/Centro_de_Recursos.jpg 816w\" sizes=\"auto, (max-width: 300px) 100vw, 300px\" \/><\/p>\n<p>&nbsp;<\/p>\n","protected":false},"excerpt":{"rendered":"<p>O Centro de Recursos empresta: &#8211; Ba\u00fas Tem\u00e1ticos, &#8211; Caixas de Materiais, &#8211; Kits do Campeonato de Jogos Matem\u00e1ticos &#8211; Caixa de Jogos de Estrat\u00e9gia &#8211; Ba\u00fas de Calculadoras \u2013 Exposi\u00e7\u00f5es da APM, procurando corresponder \u00e0s solicita\u00e7\u00f5es dos s\u00f3cios e das escolas, que os podem requisitar. &nbsp; Regulamento do Centro de Recursos &nbsp; Contactos: e-mail: [&hellip;]<\/p>\n","protected":false},"author":1,"featured_media":0,"parent":0,"menu_order":0,"comment_status":"closed","ping_status":"closed","template":"fullwidth.php","meta":{"_monsterinsights_skip_tracking":false,"_monsterinsights_sitenote_active":false,"_monsterinsights_sitenote_note":"","_monsterinsights_sitenote_category":0,"jetpack_post_was_ever_published":false,"footnotes":""},"class_list":["post-237","page","type-page","status-publish","hentry"],"jetpack_sharing_enabled":true,"jetpack_shortlink":"https:\/\/wp.me\/P8Nl6b-3P","jetpack-related-posts":[],"_links":{"self":[{"href":"https:\/\/wordpress.apm.pt\/index.php?rest_route=\/wp\/v2\/pages\/237","targetHints":{"allow":["GET"]}}],"collection":[{"href":"https:\/\/wordpress.apm.pt\/index.php?rest_route=\/wp\/v2\/pages"}],"about":[{"href":"https:\/\/wordpress.apm.pt\/index.php?rest_route=\/wp\/v2\/types\/page"}],"author":[{"embeddable":true,"href":"https:\/\/wordpress.apm.pt\/index.php?rest_route=\/wp\/v2\/users\/1"}],"replies":[{"embeddable":true,"href":"https:\/\/wordpress.apm.pt\/index.php?rest_route=%2Fwp%2Fv2%2Fcomments&post=237"}],"version-history":[{"count":2,"href":"https:\/\/wordpress.apm.pt\/index.php?rest_route=\/wp\/v2\/pages\/237\/revisions"}],"predecessor-version":[{"id":954,"href":"https:\/\/wordpress.apm.pt\/index.php?rest_route=\/wp\/v2\/pages\/237\/revisions\/954"}],"wp:attachment":[{"href":"https:\/\/wordpress.apm.pt\/index.php?rest_route=%2Fwp%2Fv2%2Fmedia&parent=237"}],"curies":[{"name":"wp","href":"https:\/\/api.w.org\/{rel}","templated":true}]}}