{"id":2406,"date":"2020-01-07T15:50:58","date_gmt":"2020-01-07T15:50:58","guid":{"rendered":"https:\/\/wordpress.apm.pt\/?page_id=2406"},"modified":"2020-01-07T15:50:58","modified_gmt":"2020-01-07T15:50:58","slug":"trilhos-matematicos-na-nossa-terra","status":"publish","type":"page","link":"https:\/\/wordpress.apm.pt\/?page_id=2406","title":{"rendered":"Trilhos matem\u00e1ticos na nossa terra"},"content":{"rendered":"\n<h2 class=\"wp-block-heading\">como participar<\/h2>\n\n\n\n<p><\/p>\n\n\n\n<div class=\"wp-block-image\"><figure class=\"aligncenter size-large is-resized\"><img loading=\"lazy\" decoding=\"async\" data-attachment-id=\"2404\" data-permalink=\"https:\/\/wordpress.apm.pt\/?attachment_id=2404\" data-orig-file=\"https:\/\/wordpress.apm.pt\/wp-content\/uploads\/2020\/01\/trilhosmat-e1578574437914.png\" data-orig-size=\"400,600\" data-comments-opened=\"1\" data-image-meta=\"{&quot;aperture&quot;:&quot;0&quot;,&quot;credit&quot;:&quot;&quot;,&quot;camera&quot;:&quot;&quot;,&quot;caption&quot;:&quot;&quot;,&quot;created_timestamp&quot;:&quot;0&quot;,&quot;copyright&quot;:&quot;&quot;,&quot;focal_length&quot;:&quot;0&quot;,&quot;iso&quot;:&quot;0&quot;,&quot;shutter_speed&quot;:&quot;0&quot;,&quot;title&quot;:&quot;&quot;,&quot;orientation&quot;:&quot;0&quot;}\" data-image-title=\"trilhosmat\" data-image-description=\"\" data-image-caption=\"\" data-medium-file=\"https:\/\/wordpress.apm.pt\/wp-content\/uploads\/2020\/01\/trilhosmat-e1578574437914.png\" data-large-file=\"https:\/\/wordpress.apm.pt\/wp-content\/uploads\/2020\/01\/trilhosmat-e1578574437914.png\" src=\"https:\/\/wordpress.apm.pt\/wp-content\/uploads\/2020\/01\/trilhosmat-683x1024.png\" alt=\"\" class=\"wp-image-2404\" width=\"383\" height=\"573\"\/><\/figure><\/div>\n\n\n\n<p>Como proposta de atividade para o primeiro Dia Internacional da Matem\u00e1tica (DIM), a Associa\u00e7\u00e3o de Professores de Matem\u00e1tica sugere a constru\u00e7\u00e3o \/ recolha de trilhos matem\u00e1ticos no local onde vivem ou estudam.<\/p>\n<p><strong>O que \u00e9 um trilho matem\u00e1tico?<\/strong><\/p>\n<p>Um trilho matem\u00e1tico consiste num percurso com v\u00e1rias paragens, ao longo do qual os alunos se relacionam com a matem\u00e1tica que os rodeia: nas v\u00e1rias paragens do percurso, os alunos identificam elementos matem\u00e1ticos, resolvem tarefas baseadas nesses elementos, estabelecem conex\u00f5es entre a matem\u00e1tica escolar e outros aspetos da vida quotidiana. Um trilho matem\u00e1tico proporciona aos alunos experi\u00eancias de aprendizagem acerca dos conceitos da matem\u00e1tica escolar, estimulando-os, simultaneamente, a usar e aplicar, em contexto real, o que aprendem na sala de aula, e a valorizarem a matem\u00e1tica como um aspeto integrante da vida. \u00a0<\/p>\n<p>Se com este trabalho se quiserem associar tamb\u00e9m \u00e0 possibilidade de integrar uma exposi\u00e7\u00e3o no ProfMat2020, devem ter em aten\u00e7\u00e3o as seguintes indica\u00e7\u00f5es de participa\u00e7\u00e3o:<\/p>\n<p><strong>Quem pode participar?<\/strong><\/p>\n<p>Pode participar qualquer turma \/ grupo de turmas de qualquer n\u00edvel de ensino, do pr\u00e9-escolar ao ensino superior, desde que exista um professor da escola respons\u00e1vel por essa participa\u00e7\u00e3o. Cada escola pode apresentar, no m\u00e1ximo, um trilho por ciclo de escolaridade.<\/p>\n<p><strong>Como participar?<\/strong><\/p>\n<p>Os trabalhos ser\u00e3o apresentados na modalidade de poster.<\/p>\n<p>O poster \u00e9 elaborado num ficheiro de apresenta\u00e7\u00e3o que ser\u00e1 disponibilizado, a partir de 15 de fevereiro, em <a href=\"http:\/\/www.apm.pt\">www.apm.pt<\/a>, e ter\u00e1 que ser enviado para <a href=\"mailto:apm.direcao@gmail.com\">apm.direcao@gmail.com<\/a>, at\u00e9 15 de abril de 2020.<\/p>\n<p>O poster deve apresentar o trilho matem\u00e1tico, constru\u00eddo com base num percurso pelo local (vila, cidade, bairro&#8230;) que a(s) turma(s) prop\u00f5e(m). Deve tamb\u00e9m incluir imagens da realiza\u00e7\u00e3o da atividade no DIM.<\/p>\n<p><strong>Como elaborar o poster?<\/strong><\/p>\n<p>O poster deve apresentar de forma clara o percurso escolhido e as respetivas paragens. Em cada paragem, deve ser proposta uma tarefa matem\u00e1tica de modo a que, no seu conjunto, existam tarefas de natureza diversificada (exerc\u00edcios, problemas, explora\u00e7\u00f5es, enigmas, charadas, adivinhas, curiosidades, passatempos, etc.). As tarefas devem ser dirigidas aos alunos do n\u00edvel de ensino da turma concorrente. As tarefas podem centrar-se todas numa determinada tem\u00e1tica (geometria, \u00e1lgebra, n\u00fameros, organiza\u00e7\u00e3o e tratamento de dados, &#8230; fun\u00e7\u00f5es, &#8230; an\u00e1lise, topologia&#8230;), mas tamb\u00e9m podem abranger v\u00e1rios conte\u00fados program\u00e1ticos de um mesmo ano\/ciclo ou n\u00edvel de escolaridade.<\/p>\n<p>As tarefas matem\u00e1ticas a construir devem ter por base aspetos do local escolhido e que inspiram as paragens do trilho matem\u00e1tico. Por exemplo, as tarefas podem ser inspiradas em vistas do <em>Google maps<\/em> ou <em>Google Earth<\/em>, mapas, plantas, sinal\u00e9tica, passeios, pavimenta\u00e7\u00f5es, azulejos, edif\u00edcios, monumentos, janelas, ferro forjado, cantaria, artesanato, trajes regionais, bordados, jardins, paisagens, vistas a\u00e9reas, m\u00fasicas, dan\u00e7as, etc. que existam nos in\u00fameros locais da vossa terra e que podem servir de paragem do percurso escolhido.<\/p>\n<p>Cada paragem do percurso deve ser claramente identificada no poster atrav\u00e9s de uma fotografia do(s) elemento(s) matem\u00e1tico(s) que se pretende destacar na tarefa respetiva.<\/p>\n<p><strong>Indica\u00e7\u00f5es para apresenta\u00e7\u00e3o do poster<\/strong><\/p>\n<p>O poster deve ser elaborado com base no ficheiro <em>powerpoint<\/em> que serve de modelo e que est\u00e1 dispon\u00edvel em www.apm.pt:<\/p>\n<ul>\n<li>n\u00e3o deve ser alterada a disposi\u00e7\u00e3o pr\u00e9-formatada, uma vez que est\u00e1 j\u00e1 preparada em propor\u00e7\u00e3o para uma impress\u00e3o em A1 (840mm x 594mm);<\/li>\n<li>o tamanho e o tipo de letra do cabe\u00e7alho n\u00e3o devem ser alterados;<\/li>\n<li>o espa\u00e7o para os log\u00f3tipos, no rodap\u00e9 do poster, s\u00f3 deve ser utilizado para esse efeito;<\/li>\n<li>o log\u00f3tipo da escola deve ser inserido no espa\u00e7o indicado para o efeito, no cabe\u00e7alho;<\/li>\n<li>\u00e0 excep\u00e7\u00e3o do primeiro par\u00e1grafo, que deve ocupar a largura do poster inteiro pois destina-se \u00e0 identifica\u00e7\u00e3o do trilho proposto, a disposi\u00e7\u00e3o do texto e das imagens fica a cargo das escolas;<\/li>\n<li>podem ser alterados os tamanhos dos espa\u00e7os para texto e para imagem que figuram no ficheiro modelo.<\/li>\n<\/ul>\n<p>Uma vez introduzido o texto e as imagens, o ficheiro dever\u00e1 ser gravado com o nome do respetivo Professor Respons\u00e1vel pela proposta_TrilhoMatDIM_Nome da escola (por exemplo, Hepatia de Alexandria_ TrilhoMatDIM_Eb23Hipona.pptx) e enviado, como foi dito, por correio electr\u00f3nico para <a href=\"mailto:apm.direcao@gmail.com\">apm.direcao@gmail.com<\/a>, at\u00e9 15 de abril de 2020.<\/p>\n<p>Todos os trabalhos recebidos ser\u00e3o sujeitos a uma revis\u00e3o e sele\u00e7\u00e3o, podendo ser propostas algumas corre\u00e7\u00f5es, por forma a terem condi\u00e7\u00f5es de ser impressos e expostos durante o ProfMat2020 e a poderem vir a integrar uma posterior publica\u00e7\u00e3o.<\/p>\n<p><strong>Crit\u00e9rios de sele\u00e7\u00e3o<\/strong><\/p>\n<ul>\n<li>Corre\u00e7\u00e3o matem\u00e1tica<\/li>\n<li>Riqueza matem\u00e1tica (diversidade e aspetos desafiantes)<\/li>\n<li>Relev\u00e2ncia did\u00e1tica (relativa a cada n\u00edvel de ensino)<\/li>\n<li>Coer\u00eancia e exequibilidade do percurso<\/li>\n<li>Originalidade e criatividade<\/li>\n<li>Aspeto gr\u00e1fico<\/li>\n<\/ul>\n<p>Esperamos que esta sugest\u00e3o possa ajudar a celebrar o primeiro Dia Internacional da Matem\u00e1tica com entusiasmo e relev\u00e2ncia.<\/p>\n<p>De uma forma ou de outra, n\u00e3o deixe de levar os seus alunos a participar no DIM.<\/p>\n<p>Bom trabalho e boa participa\u00e7\u00e3o!<\/p>\n","protected":false},"excerpt":{"rendered":"<p>como participar Como proposta de atividade para o primeiro Dia Internacional da Matem\u00e1tica (DIM), a Associa\u00e7\u00e3o de Professores de Matem\u00e1tica sugere a constru\u00e7\u00e3o \/ recolha de trilhos matem\u00e1ticos no local onde vivem ou estudam. O que \u00e9 um trilho matem\u00e1tico? Um trilho matem\u00e1tico consiste num percurso com v\u00e1rias paragens, ao longo do qual os alunos [&hellip;]<\/p>\n","protected":false},"author":5,"featured_media":0,"parent":0,"menu_order":0,"comment_status":"closed","ping_status":"closed","template":"","meta":{"_monsterinsights_skip_tracking":false,"_monsterinsights_sitenote_active":false,"_monsterinsights_sitenote_note":"","_monsterinsights_sitenote_category":0,"jetpack_post_was_ever_published":false,"footnotes":""},"class_list":["post-2406","page","type-page","status-publish","hentry"],"jetpack_sharing_enabled":true,"jetpack_shortlink":"https:\/\/wp.me\/P8Nl6b-CO","jetpack-related-posts":[],"_links":{"self":[{"href":"https:\/\/wordpress.apm.pt\/index.php?rest_route=\/wp\/v2\/pages\/2406","targetHints":{"allow":["GET"]}}],"collection":[{"href":"https:\/\/wordpress.apm.pt\/index.php?rest_route=\/wp\/v2\/pages"}],"about":[{"href":"https:\/\/wordpress.apm.pt\/index.php?rest_route=\/wp\/v2\/types\/page"}],"author":[{"embeddable":true,"href":"https:\/\/wordpress.apm.pt\/index.php?rest_route=\/wp\/v2\/users\/5"}],"replies":[{"embeddable":true,"href":"https:\/\/wordpress.apm.pt\/index.php?rest_route=%2Fwp%2Fv2%2Fcomments&post=2406"}],"version-history":[{"count":1,"href":"https:\/\/wordpress.apm.pt\/index.php?rest_route=\/wp\/v2\/pages\/2406\/revisions"}],"predecessor-version":[{"id":2407,"href":"https:\/\/wordpress.apm.pt\/index.php?rest_route=\/wp\/v2\/pages\/2406\/revisions\/2407"}],"wp:attachment":[{"href":"https:\/\/wordpress.apm.pt\/index.php?rest_route=%2Fwp%2Fv2%2Fmedia&parent=2406"}],"curies":[{"name":"wp","href":"https:\/\/api.w.org\/{rel}","templated":true}]}}