{"id":249,"date":"2017-07-22T22:52:18","date_gmt":"2017-07-22T22:52:18","guid":{"rendered":"https:\/\/wordpress.apm.pt\/?page_id=249"},"modified":"2020-12-29T16:08:39","modified_gmt":"2020-12-29T16:08:39","slug":"revista-quadrante","status":"publish","type":"page","link":"https:\/\/wordpress.apm.pt\/?page_id=249","title":{"rendered":"Revista Quadrante"},"content":{"rendered":"\n<div class=\"wp-block-image\"><figure class=\"aligncenter size-large is-resized\"><img loading=\"lazy\" decoding=\"async\" data-attachment-id=\"3300\" data-permalink=\"https:\/\/wordpress.apm.pt\/?attachment_id=3300\" data-orig-file=\"https:\/\/wordpress.apm.pt\/wp-content\/uploads\/2020\/12\/cover_issue_17_pt_PT.jpg\" data-orig-size=\"998,1399\" data-comments-opened=\"1\" data-image-meta=\"{&quot;aperture&quot;:&quot;0&quot;,&quot;credit&quot;:&quot;&quot;,&quot;camera&quot;:&quot;&quot;,&quot;caption&quot;:&quot;&quot;,&quot;created_timestamp&quot;:&quot;0&quot;,&quot;copyright&quot;:&quot;&quot;,&quot;focal_length&quot;:&quot;0&quot;,&quot;iso&quot;:&quot;0&quot;,&quot;shutter_speed&quot;:&quot;0&quot;,&quot;title&quot;:&quot;&quot;,&quot;orientation&quot;:&quot;0&quot;}\" data-image-title=\"cover_issue_17_pt_PT\" data-image-description=\"\" data-image-caption=\"\" data-large-file=\"https:\/\/wordpress.apm.pt\/wp-content\/uploads\/2020\/12\/cover_issue_17_pt_PT.jpg\" src=\"https:\/\/wordpress.apm.pt\/wp-content\/uploads\/2020\/12\/cover_issue_17_pt_PT-730x1024.jpg\" alt=\"\" class=\"wp-image-3300\" width=\"346\" height=\"485\" srcset=\"https:\/\/wordpress.apm.pt\/wp-content\/uploads\/2020\/12\/cover_issue_17_pt_PT.jpg 730w, https:\/\/wordpress.apm.pt\/wp-content\/uploads\/2020\/12\/cover_issue_17_pt_PT.jpg 214w, https:\/\/wordpress.apm.pt\/wp-content\/uploads\/2020\/12\/cover_issue_17_pt_PT.jpg 768w, https:\/\/wordpress.apm.pt\/wp-content\/uploads\/2020\/12\/cover_issue_17_pt_PT.jpg 998w\" sizes=\"auto, (max-width: 346px) 100vw, 346px\" \/><\/figure><\/div>\n\n\n\n<p><strong>Publica\u00e7\u00e3o do n.\u00ba 2 de 2020 da Quadrante<\/strong><\/p>\n\n\n\n<p>J\u00e1 est\u00e1 dispon\u00edvel o segundo n\u00famero de 2020 da Quadrante, dedicada ao tema <strong>Comunica\u00e7\u00e3o no ensino e na aprendizagem da Matem\u00e1tica.<\/strong><\/p>\n\n\n\n<p>Os artigos deste n\u00famero tal como de todas as edi\u00e7\u00f5es anteriores da Quadrante, desde 1992, s\u00e3o de acesso livre na\u00a0<a rel=\"noreferrer noopener\" href=\"https:\/\/quadrante.apm.pt\/index.php\/quadrante\/issue\/view\/17\" target=\"_blank\">p\u00e1gina da revista<\/a>.<\/p>\n\n\n\n<p>A Quadrante acompanha, assim, um movimento global de disponibiliza\u00e7\u00e3o livre do conhecimento cient\u00edfico, alargando a sua divulga\u00e7\u00e3o a toda a comunidade de educa\u00e7\u00e3o matem\u00e1tica.<\/p>\n\n\n\n<p>Se desejar adquirir n\u00fameros anteriores da Quadrante em vers\u00e3o impressa, pode faz\u00ea-lo na loja da Sede ou na\u00a0<a rel=\"noreferrer noopener\" href=\"http:\/\/www.apm.pt\/portal\/index_loja.php?id=21650&amp;special_args=%7Bvalues%7Dfamilia_id%3D33658%7B%2Fvalues%7D&amp;lang=DF\" target=\"_blank\">loja online<\/a>.<\/p>\n\n\n\n<p><\/p>\n\n\n","protected":false},"excerpt":{"rendered":"<p>Publica\u00e7\u00e3o do n.\u00ba 2 de 2020 da Quadrante J\u00e1 est\u00e1 dispon\u00edvel o segundo n\u00famero de 2020 da Quadrante, dedicada ao tema Comunica\u00e7\u00e3o no ensino e na aprendizagem da Matem\u00e1tica. Os artigos deste n\u00famero tal como de todas as edi\u00e7\u00f5es anteriores da Quadrante, desde 1992, s\u00e3o de acesso livre na\u00a0p\u00e1gina da revista. A Quadrante acompanha, assim, [&hellip;]<\/p>\n","protected":false},"author":1,"featured_media":0,"parent":0,"menu_order":0,"comment_status":"closed","ping_status":"closed","template":"fullwidth.php","meta":{"_monsterinsights_skip_tracking":false,"_monsterinsights_sitenote_active":false,"_monsterinsights_sitenote_note":"","_monsterinsights_sitenote_category":0,"jetpack_post_was_ever_published":false,"footnotes":""},"class_list":["post-249","page","type-page","status-publish","hentry"],"jetpack_sharing_enabled":true,"jetpack_shortlink":"https:\/\/wp.me\/P8Nl6b-41","jetpack-related-posts":[],"_links":{"self":[{"href":"https:\/\/wordpress.apm.pt\/index.php?rest_route=\/wp\/v2\/pages\/249","targetHints":{"allow":["GET"]}}],"collection":[{"href":"https:\/\/wordpress.apm.pt\/index.php?rest_route=\/wp\/v2\/pages"}],"about":[{"href":"https:\/\/wordpress.apm.pt\/index.php?rest_route=\/wp\/v2\/types\/page"}],"author":[{"embeddable":true,"href":"https:\/\/wordpress.apm.pt\/index.php?rest_route=\/wp\/v2\/users\/1"}],"replies":[{"embeddable":true,"href":"https:\/\/wordpress.apm.pt\/index.php?rest_route=%2Fwp%2Fv2%2Fcomments&post=249"}],"version-history":[{"count":22,"href":"https:\/\/wordpress.apm.pt\/index.php?rest_route=\/wp\/v2\/pages\/249\/revisions"}],"predecessor-version":[{"id":3303,"href":"https:\/\/wordpress.apm.pt\/index.php?rest_route=\/wp\/v2\/pages\/249\/revisions\/3303"}],"wp:attachment":[{"href":"https:\/\/wordpress.apm.pt\/index.php?rest_route=%2Fwp%2Fv2%2Fmedia&parent=249"}],"curies":[{"name":"wp","href":"https:\/\/api.w.org\/{rel}","templated":true}]}}