{"id":2745,"date":"2020-07-01T19:01:08","date_gmt":"2020-07-01T18:01:08","guid":{"rendered":"https:\/\/wordpress.apm.pt\/?page_id=2745"},"modified":"2020-10-12T13:19:51","modified_gmt":"2020-10-12T12:19:51","slug":"grupo-t3-apm","status":"publish","type":"page","link":"https:\/\/wordpress.apm.pt\/?page_id=2745","title":{"rendered":"Grupo T3-APM"},"content":{"rendered":"\n<p class=\"has-text-align-left\">O Grupo T3-APM, na sequ\u00eancia do trabalho que tem feito desde 1996, quer seja na forma\u00e7\u00e3o de professores quer na divulga\u00e7\u00e3o de atividades que tiram partido do uso da tecnologia (nomeadamente a tecnologia gr\u00e1fica TI), disponibiliza na p\u00e1gina da APM um conjunto de recursos (propostas de atividades, resolu\u00e7\u00f5es, ficheiros para a TI, v\u00eddeos \/webinares) que esperamos poderem transformar-se em&nbsp;&nbsp;desafios interessantes para a aula de Matem\u00e1tica.<\/p>\n\n\n\n<div style=\"height:42px\" aria-hidden=\"true\" class=\"wp-block-spacer\"><\/div>\n\n\n\n<h3><strong>Apostas no Salto em comprimento<\/strong><b><\/b><\/h3>\n\n\n\n<p><strong>Probabilidades e Estat\u00edstica \u2013 Ensino Secund\u00e1rio<\/strong><\/p>\n\n\n\n<p><a href=\"https:\/\/wordpress.apm.pt\/wp-content\/uploads\/2020\/07\/Salto-em-comprimento-atividade.pdf\" target=\"_blank\" rel=\"noopener noreferrer\">Proposta da atividade<\/a><\/p>\n<p>Pode fazer o <a href=\"https:\/\/wordpress.apm.pt\/wp-content\/uploads\/2020\/07\/salto_em_comprimento.zip\" target=\"_blank\" rel=\"noopener noreferrer\"><em>download<\/em><\/a> do ficheiro da <em>TI-Nspire<\/em><\/p>\n<p><a href=\"https:\/\/youtu.be\/9zIkIwHUZwY\" target=\"_blank\" rel=\"noopener noreferrer\">Webinar<\/a> (Jos\u00e9 Paulo Viana)<\/p>\n\n\n\n<div style=\"height:50px\" aria-hidden=\"true\" class=\"wp-block-spacer\"><\/div>\n\n\n\n<h3 class=\"wp-block-heading\"><strong>Exponenciais e Tangentes<\/strong><\/h3>\n\n\n\n<p><strong>Fun\u00e7\u00f5es Exponenciais e Logar\u00edtmicas \u2013 Ensino Secund\u00e1rio<\/strong><\/p>\n\n\n\n<p><a href=\"https:\/\/wordpress.apm.pt\/wp-content\/uploads\/2020\/07\/exponenciais-e-tangentes_atividade.pdf\" target=\"_blank\" rel=\"noopener noreferrer\">Proposta da atividade<\/a><\/p>\n<p><a href=\"https:\/\/wordpress.apm.pt\/wp-content\/uploads\/2020\/07\/Exponencias-e-tangentes_Resolucao.pdf\" target=\"_blank\" rel=\"noopener noreferrer\">Resolu\u00e7\u00e3o<\/a> da atividade<\/p>\n<p><a href=\"https:\/\/wordpress.apm.pt\/wp-content\/uploads\/2020\/07\/Exponenciais_Tangentes_slides.pdf\">Diapositivos<\/a> de explora\u00e7\u00e3o com a <em>TI-Nspire<\/em><\/p>\n<p><a href=\"https:\/\/youtu.be\/Mti-4Tlj4Wk\" target=\"_blank\" rel=\"noopener noreferrer\">V\u00eddeo<\/a> de explora\u00e7\u00e3o com a <em>TI-Nspire<\/em><\/p>\n<p>Pode fazer o <a href=\"https:\/\/wordpress.apm.pt\/wp-content\/uploads\/2020\/07\/Exponenciais_Tangentes.tns_.zip\" target=\"_blank\" rel=\"noopener noreferrer\"><em>download<\/em><\/a> do ficheiro da <em>TI-Nspire<\/em><\/p>\n\n\n\n<div style=\"height:50px\" aria-hidden=\"true\" class=\"wp-block-spacer\"><\/div>\n\n\n\n<h3 class=\"wp-block-heading\"><strong>Volume da caixa<\/strong><\/h3>\n\n\n\n<p><a href=\"https:\/\/wordpress.apm.pt\/wp-content\/uploads\/2020\/10\/VolumeCaixa_Ativ.pdf\" target=\"_blank\" rel=\"noopener noreferrer\">Proposta da atividade<\/a><\/p>\n<p><a href=\"https:\/\/youtu.be\/mP05UwqDqOU\" target=\"_blank\" rel=\"noopener noreferrer\">V\u00eddeo<\/a> de explora\u00e7\u00e3o com a <em>TI-Nspire<\/em><\/p>\n<p>Pode fazer o <a href=\"https:\/\/wordpress.apm.pt\/wp-content\/uploads\/2020\/10\/Volume-da-Caixa.tns_.zip\" target=\"_blank\" rel=\"noopener noreferrer\"><em>download<\/em><\/a> do ficheiro da <em>TI-Nspire<\/em><\/p>\n\n\n","protected":false},"excerpt":{"rendered":"<p>O Grupo T3-APM, na sequ\u00eancia do trabalho que tem feito desde 1996, quer seja na forma\u00e7\u00e3o de professores quer na divulga\u00e7\u00e3o de atividades que tiram partido do uso da tecnologia (nomeadamente a tecnologia gr\u00e1fica TI), disponibiliza na p\u00e1gina da APM um conjunto de recursos (propostas de atividades, resolu\u00e7\u00f5es, ficheiros para a TI, v\u00eddeos \/webinares) que [&hellip;]<\/p>\n","protected":false},"author":1,"featured_media":0,"parent":0,"menu_order":0,"comment_status":"closed","ping_status":"closed","template":"","meta":{"_monsterinsights_skip_tracking":false,"_monsterinsights_sitenote_active":false,"_monsterinsights_sitenote_note":"","_monsterinsights_sitenote_category":0,"jetpack_post_was_ever_published":false,"footnotes":""},"class_list":["post-2745","page","type-page","status-publish","hentry"],"jetpack_sharing_enabled":true,"jetpack_shortlink":"https:\/\/wp.me\/P8Nl6b-Ih","jetpack-related-posts":[],"_links":{"self":[{"href":"https:\/\/wordpress.apm.pt\/index.php?rest_route=\/wp\/v2\/pages\/2745","targetHints":{"allow":["GET"]}}],"collection":[{"href":"https:\/\/wordpress.apm.pt\/index.php?rest_route=\/wp\/v2\/pages"}],"about":[{"href":"https:\/\/wordpress.apm.pt\/index.php?rest_route=\/wp\/v2\/types\/page"}],"author":[{"embeddable":true,"href":"https:\/\/wordpress.apm.pt\/index.php?rest_route=\/wp\/v2\/users\/1"}],"replies":[{"embeddable":true,"href":"https:\/\/wordpress.apm.pt\/index.php?rest_route=%2Fwp%2Fv2%2Fcomments&post=2745"}],"version-history":[{"count":14,"href":"https:\/\/wordpress.apm.pt\/index.php?rest_route=\/wp\/v2\/pages\/2745\/revisions"}],"predecessor-version":[{"id":3057,"href":"https:\/\/wordpress.apm.pt\/index.php?rest_route=\/wp\/v2\/pages\/2745\/revisions\/3057"}],"wp:attachment":[{"href":"https:\/\/wordpress.apm.pt\/index.php?rest_route=%2Fwp%2Fv2%2Fmedia&parent=2745"}],"curies":[{"name":"wp","href":"https:\/\/api.w.org\/{rel}","templated":true}]}}