{"id":62,"date":"2017-07-22T13:23:27","date_gmt":"2017-07-22T13:23:27","guid":{"rendered":"https:\/\/wordpress.apm.pt\/?page_id=62"},"modified":"2019-10-17T16:21:06","modified_gmt":"2019-10-17T15:21:06","slug":"sobre-a-apm","status":"publish","type":"page","link":"https:\/\/wordpress.apm.pt\/?page_id=62","title":{"rendered":"Sobre a APM"},"content":{"rendered":"<p>A Associa\u00e7\u00e3o de Professores de Matem\u00e1tica (APM) \u00e9 uma associa\u00e7\u00e3o portuguesa de professores ligados \u00e0 educa\u00e7\u00e3o matem\u00e1tica, que abrange todo o territ\u00f3rio nacional e todos os n\u00edveis de escolaridade, do ensino pr\u00e9-escolar ao ensino superior.<\/p>\n<p>A APM \u00e9 uma associa\u00e7\u00e3o com objetivos pr\u00f3prios, sem fins lucrativos e reconhecida de utilidade p\u00fablica, que foi criada em 1986, contando atualmente com cerca de quatro milhares de s\u00f3cios.<\/p>\n<p>A APM tem duas publica\u00e7\u00f5es peri\u00f3dicas: a revista Educa\u00e7\u00e3o e Matem\u00e1tica, distribu\u00edda gratuitamente aos s\u00f3cios, cuja periodicidade \u00e9 de cinco n\u00fameros anuais, sendo um deles duplo e tem\u00e1tico; a Quadrante, revista de investiga\u00e7\u00e3o em educa\u00e7\u00e3o matem\u00e1tica, de periodicidade semestral, sendo um dos seus n\u00fameros tem\u00e1tico.<\/p>\n<p>A APM disponibiliza uma diversidade de publica\u00e7\u00f5es e materiais para apoio \u00e0 atividade profissional dos professores.<\/p>\n<p><span style=\"font-size: 12pt;\"><span class=\"text\">A APM promove anualmente a realiza\u00e7\u00e3o de encontros nacionais \u2014 o <em>ProfMat<\/em>, o <em>Semin\u00e1rio de Investiga\u00e7\u00e3o em Educa\u00e7\u00e3o Matem\u00e1tica<\/em> (SIEM) e o encontro <em>A Matem\u00e1tica nos Primeiros Anos<\/em> \u2014 e encontros regionais, que muito contribuem para o desenvolvimento profissional dos professores. <\/span><\/span><span style=\"font-size: 12pt;\"><span class=\"text\">A forma\u00e7\u00e3o cont\u00ednua \u00e9 ainda promovida atrav\u00e9s do Centro de Forma\u00e7\u00e3o da APM<\/span>.<\/span><\/p>\n<p>Estas atividades s\u00e3o promovidas pelos s\u00f3cios que, para al\u00e9m da participa\u00e7\u00e3o nos \u00f3rg\u00e3os associativos, trabalham colaborativamente em Grupos de trabalho, N\u00facleos Regionais e Comiss\u00f5es Organizadoras de eventos.<\/p>\n<p>Os seus objetivos s\u00e3o:<\/p>\n<ul>\n<li>Promover o desenvolvimento do ensino da Matem\u00e1tica a todos os n\u00edveis;<\/li>\n<li>Estimular o interc\u00e2mbio de ideias e experi\u00eancias entre as pessoas que se interessam pelos problemas da aprendizagem desta disciplina;<\/li>\n<li>Apoiar e divulgar atividades relevantes para o ensino e aprendizagem da Matem\u00e1tica;<\/li>\n<li>Promover a participa\u00e7\u00e3o ativa dos professores de Matem\u00e1tica de todos os graus de ensino na discuss\u00e3o e implementa\u00e7\u00e3o de novas pr\u00e1ticas pedag\u00f3gicas;<\/li>\n<li>Fomentar o seu interesse e participa\u00e7\u00e3o em projetos de investiga\u00e7\u00e3o e de inova\u00e7\u00e3o pedag\u00f3gica;<\/li>\n<li>Intervir na defini\u00e7\u00e3o da politica educativa, especialmente no que respeita aos problemas do ensino da Matem\u00e1tica.<\/li>\n<\/ul>\n<p>A APM \u00e9 apoiada pelo <a href=\"http:\/\/www.min-edu.pt\">Minist\u00e9rio da Educa\u00e7\u00e3o<\/a>, atrav\u00e9s da autoriza\u00e7\u00e3o de destacamentos de docentes em regime de mobilidade estatut\u00e1ria.<\/p>\n<p><img loading=\"lazy\" decoding=\"async\" data-attachment-id=\"918\" data-permalink=\"https:\/\/wordpress.apm.pt\/?attachment_id=918\" data-orig-file=\"https:\/\/wordpress.apm.pt\/wp-content\/uploads\/2018\/01\/ME.png\" data-orig-size=\"403,183\" data-comments-opened=\"1\" data-image-meta=\"{&quot;aperture&quot;:&quot;0&quot;,&quot;credit&quot;:&quot;&quot;,&quot;camera&quot;:&quot;&quot;,&quot;caption&quot;:&quot;&quot;,&quot;created_timestamp&quot;:&quot;0&quot;,&quot;copyright&quot;:&quot;&quot;,&quot;focal_length&quot;:&quot;0&quot;,&quot;iso&quot;:&quot;0&quot;,&quot;shutter_speed&quot;:&quot;0&quot;,&quot;title&quot;:&quot;&quot;,&quot;orientation&quot;:&quot;0&quot;}\" data-image-title=\"ME\" data-image-description=\"\" data-image-caption=\"\" data-large-file=\"https:\/\/wordpress.apm.pt\/wp-content\/uploads\/2018\/01\/ME.png\" class=\"alignnone size-medium wp-image-918 aligncenter\" src=\"https:\/\/wordpress.apm.pt\/wp-content\/uploads\/2018\/01\/ME-300x136.png\" alt=\"\" width=\"300\" height=\"136\" srcset=\"https:\/\/wordpress.apm.pt\/wp-content\/uploads\/2018\/01\/ME.png 300w, https:\/\/wordpress.apm.pt\/wp-content\/uploads\/2018\/01\/ME.png 403w\" sizes=\"auto, (max-width: 300px) 100vw, 300px\" \/><\/p>\n<p><span class=\"text\" style=\"font-size: 12pt;\">As docentes Lurdes Figueiral (presidente da dire\u00e7\u00e3o), Renata Carvalho (vice-presidente da dire\u00e7\u00e3o e diretora do Centro de Forma\u00e7\u00e3o da APM) e Luc\u00edlia Teles (vice-presidente da dire\u00e7\u00e3o), encontram-se em regime de mobilidade estatut\u00e1ria no ano 2019\/2020, a fim de prestarem\u00a0 apoio \u00e0s atividades a desenvolver pela\u00a0 APM.<\/span><\/p>\n<p>Para saber mais sobre a APM, consulte os <a href=\"https:\/\/wordpress.apm.pt\/wp-content\/uploads\/2017\/07\/10807_Estatutos_APM_2015_561f9180417f8.pdf\">estatutos<\/a> (em formato pdf) e o <a href=\"https:\/\/wordpress.apm.pt\/wp-content\/uploads\/2017\/07\/10807_CV_APM_2007_462624841fa70.pdf\">Curriculum<\/a> (em formato pdf).<\/p>\n<p>Consulte mais informa\u00e7\u00f5es <a href=\"http:\/\/www.apm.pt\/portal\/index.php?id=10807\" target=\"_blank\" rel=\"noopener noreferrer\">sobre a APM<\/a>.<\/p>\n","protected":false},"excerpt":{"rendered":"<p>A Associa\u00e7\u00e3o de Professores de Matem\u00e1tica (APM) \u00e9 uma associa\u00e7\u00e3o portuguesa de professores ligados \u00e0 educa\u00e7\u00e3o matem\u00e1tica, que abrange todo o territ\u00f3rio nacional e todos os n\u00edveis de escolaridade, do ensino pr\u00e9-escolar ao ensino superior. A APM \u00e9 uma associa\u00e7\u00e3o com objetivos pr\u00f3prios, sem fins lucrativos e reconhecida de utilidade p\u00fablica, que foi criada em [&hellip;]<\/p>\n","protected":false},"author":1,"featured_media":0,"parent":0,"menu_order":1,"comment_status":"closed","ping_status":"closed","template":"about.php","meta":{"_monsterinsights_skip_tracking":false,"_monsterinsights_sitenote_active":false,"_monsterinsights_sitenote_note":"","_monsterinsights_sitenote_category":0,"footnotes":""},"class_list":["post-62","page","type-page","status-publish","hentry"],"jetpack_sharing_enabled":true,"jetpack_shortlink":"https:\/\/wp.me\/P8Nl6b-10","jetpack-related-posts":[],"_links":{"self":[{"href":"https:\/\/wordpress.apm.pt\/index.php?rest_route=\/wp\/v2\/pages\/62","targetHints":{"allow":["GET"]}}],"collection":[{"href":"https:\/\/wordpress.apm.pt\/index.php?rest_route=\/wp\/v2\/pages"}],"about":[{"href":"https:\/\/wordpress.apm.pt\/index.php?rest_route=\/wp\/v2\/types\/page"}],"author":[{"embeddable":true,"href":"https:\/\/wordpress.apm.pt\/index.php?rest_route=\/wp\/v2\/users\/1"}],"replies":[{"embeddable":true,"href":"https:\/\/wordpress.apm.pt\/index.php?rest_route=%2Fwp%2Fv2%2Fcomments&post=62"}],"version-history":[{"count":12,"href":"https:\/\/wordpress.apm.pt\/index.php?rest_route=\/wp\/v2\/pages\/62\/revisions"}],"predecessor-version":[{"id":2298,"href":"https:\/\/wordpress.apm.pt\/index.php?rest_route=\/wp\/v2\/pages\/62\/revisions\/2298"}],"wp:attachment":[{"href":"https:\/\/wordpress.apm.pt\/index.php?rest_route=%2Fwp%2Fv2%2Fmedia&parent=62"}],"curies":[{"name":"wp","href":"https:\/\/api.w.org\/{rel}","templated":true}]}}